{"id":1486,"date":"2022-05-19T11:21:58","date_gmt":"2022-05-19T09:21:58","guid":{"rendered":"http:\/\/banebranchen-new.mtm\/exhibition-area\/"},"modified":"2022-06-10T11:28:06","modified_gmt":"2022-06-10T09:28:06","slug":"exhibition-area","status":"publish","type":"page","link":"https:\/\/banebranchen.dk\/en\/railcph\/about-railcph\/exhibition-area\/","title":{"rendered":"Venue"},"content":{"rendered":"\n<h1 class=\"wp-block-heading\">Venue<\/h1>\n\n<div class=\"formatting\">\n\t<h3>Tivoli Hotel &amp; Congress Center<\/h3>\n<p class=\"p1\"><span class=\"s1\">RAILcph is held at<\/span><a href=\"https:\/\/www.tivolicongresscenter.dk\/\"><span class=\"s2\">the Tivoli Hotel &amp; Congress Center<\/span><\/a> <span class=\"Apple-converted-space\"><span class=\"s1\">in the heart of Copenhagen.<\/span><\/span> <\/p>\n<p>&nbsp;<\/p>\n<h3>Find your way to RAILcph<\/h3>\n<p class=\"p1\"><span class=\"s1\">The Tivoli Hotel &amp; Congress Center is easily accessible by public transport. The conference center is located approx. 10 minutes walk from Copenhagen Central Station and Dybb\u00f8lsbro S-train station, respectively. Furthermore, bus # 34 runs right to the destinationen.<\/span><\/p>\n<p>&nbsp;<\/p>\n<p>&nbsp;<\/p>\n<\/div>\n\n<div class=\"grid grid-cols-6 gap-y-14\">\n\n\t<div class=\"col-span-3\">\n\t\t<p><strong>Address:<\/strong><\/p>\n<p>Tivoli Hotel &amp; Congress Center<br \/>\nArni Magnussons Gade 2<br \/>\n1577 K\u00f8benhavn V<\/p>\n\t<\/div>\n\n\t<div class=\"col-span-3\">\n\t\t<p><strong>Parking:<\/p>\n<p><\/strong>For information about<br \/>\nparking facilities at the exhibition area<br \/>\nrefer to this <a href=\"https:\/\/google.com\">website<\/a>.<\/p>\n\t<\/div>\n\n\t<div class=\"col-span-full\">\n\t\t<iframe src=\"https:\/\/www.google.com\/maps\/embed?pb=!1m17!1m12!1m3!1d2250.2860937043292!2d12.564106216320578!3d55.66662500610214!2m3!1f0!2f0!3f0!3m2!1i1024!2i768!4f13.1!3m2!1m1!2zNTXCsDM5JzU5LjgiTiAxMsKwMzMnNTguNyJF!5e0!3m2!1sda!2sdk!4v1676368498352!5m2!1sda!2sdk\" width=\"600\" height=\"298\" allowfullscreen=\"\" loading=\"lazy\" referrerpolicy=\"no-referrer-when-downgrade\" class=\"w-full h-[298px] border-8 border-white flex justify-center items-center bg-railgreyblue\"><\/iframe>\n\t\t\t<\/div>\n<\/div>\n<div class=\"grid grid-cols-4 gap-x-4 gap-y-2 text-[#575757] my-6\">\n\t<div class=\"col-span-full space-y-1\">\n\t\t\t\t<div>\n\t\t\t<h3>Tivoli Hotel &amp; Congress Center<\/h3>\n<p class=\"p1\"><span class=\"s1\">RAILcph&#8217;s opening and closing sessions take place in the large congress hall, where there can be more than 1,000 listeners. All Key Note presentations take place on the main stage.<\/span><\/p>\n<p>&nbsp;<\/p>\n\t\t<\/div>\n\t\t\t\t<div class=\"h-[306px] w-full relative\">\n\t\t\t\t\t\t<img decoding=\"async\" class=\"absolute object-fill h-full w-full\" width=\"100%\" height=\"100%\" src=\"https:\/\/banebranchen.dk\/wp-content\/uploads\/2022\/05\/congresshallcenter.png\" alt=\"\" \/>\n\t\t\t\t\t<\/div>\n\t\t<div>\n\t\t\t<p>Tivoli congress hall used for the opening and closing sessions.<br \/>\n<em><strong>Photo:<\/strong><\/em> <em><strong><a href=\"https:\/\/www.tivolicongresscenter.dk\/\">Tivoli Hotel &amp; Congress Center<\/a><\/strong><\/em><\/p>\n\t\t<\/div>\n\t<\/div>\n<\/div>\n<div class=\"grid grid-cols-4 gap-x-4 gap-y-6\">\n\n\t\t\t\t\t<div class=\"col-span-2 space-y-4\">\n\t\t<img decoding=\"async\" class=\"h-[165px] w-full\" width=\"100%\" height=\"100%\" src=\"https:\/\/banebranchen.dk\/wp-content\/uploads\/2022\/05\/congresshall.png\" alt=\"\">\n\t\t<div>\n\t\t\t<p class=\"text-[14px]\">Conference room used for the parallel sessions.<\/p>\n\t\t\t<div class=\"font-bold  italic\"><p><strong>Photo: <\/strong><a href=\"https:\/\/www.tivolicongresscenter.dk\/\">Tivoli Hotel &amp; Congress Center<\/a><\/p>\n<\/div>\n\t\t<\/div>\n\t<\/div>\n\t\t\t\t\t<div class=\"col-span-2 space-y-4\">\n\t\t<img decoding=\"async\" class=\"h-[165px] w-full\" width=\"100%\" height=\"100%\" src=\"https:\/\/banebranchen.dk\/wp-content\/uploads\/2022\/05\/konferencesal.png\" alt=\"\">\n\t\t<div>\n\t\t\t<p class=\"text-[14px]\">Conference room used for the parallel sessions.<\/p>\n\t\t\t<div class=\"font-bold  italic\"><p><strong>Photo: <\/strong><a href=\"https:\/\/www.tivolicongresscenter.dk\/\">Tivoli Hotel &amp; Congress Center<\/a><\/p>\n<\/div>\n\t\t<\/div>\n\t<\/div>\n\t\t\t<\/div>\n\n\n<!-- <div class=\"col-span-full space-y-4\">\n\t\t<div>\n\t\t\t<p class=\"text-[18px] font-bold\">Tivoli Hotel & Congress Center <\/p>\n\t\t\t<p class=\"text-[14px]\">RAILcph's \u00e5bnings- og lukkesessioner foreg\u00e5r i den store kongressal, hvor der kan v\u00e6re mere end 1.000 tilh\u00f8rere. Alle Key Note pr\u00e6sentationer finder sted p\u00e5 hovedscenen.<\/p>\n\t\t<\/div>\n\n\t\t<div class=\"h-[260px] w-full\">\n\t\t\t<img decoding=\"async\" class=\"object-cover w-full h-full\" width=\"100%\" height=\"100%\" src=\"images\/banner-om.jpg\" alt=\"Billede eksempel\">\n\t\t<\/div>\n\t\t<div>\n\t\t\t<p class=\"text-[14px]\">Tivoli kongressal, der benyttes til \u00e5bnings- og lukkesessionerne.<\/p>\n\t\t\t<p class=\"font-bold text-[12px] italic\">Foto: <a class=\"text-railblue hover:underline font-normal\" href=\"#\">Tivoli Hotel & Congress Center<\/a><\/p>\n\t\t<\/div>\n<\/div> -->\n\n","protected":false},"excerpt":{"rendered":"<p>Venue<\/p>\n","protected":false},"author":1,"featured_media":1397,"parent":1566,"menu_order":40,"comment_status":"closed","ping_status":"closed","template":"","meta":{"_acf_changed":false,"footnotes":""},"class_list":["post-1486","page","type-page","status-publish","has-post-thumbnail","hentry"],"acf":[],"yoast_head":"<!-- This site is optimized with the Yoast SEO plugin v27.4 - https:\/\/yoast.com\/product\/yoast-seo-wordpress\/ -->\n<title>Venue - Banebranchen<\/title>\n<meta name=\"robots\" content=\"index, follow, max-snippet:-1, max-image-preview:large, max-video-preview:-1\" \/>\n<link rel=\"canonical\" href=\"https:\/\/banebranchen.dk\/en\/railcph\/about-railcph\/exhibition-area\/\" \/>\n<meta property=\"og:locale\" content=\"en_US\" \/>\n<meta property=\"og:type\" content=\"article\" \/>\n<meta property=\"og:title\" content=\"Venue - Banebranchen\" \/>\n<meta property=\"og:description\" content=\"Venue\" \/>\n<meta property=\"og:url\" content=\"https:\/\/banebranchen.dk\/en\/railcph\/about-railcph\/exhibition-area\/\" \/>\n<meta property=\"og:site_name\" content=\"Banebranchen\" \/>\n<meta property=\"article:modified_time\" content=\"2022-06-10T09:28:06+00:00\" \/>\n<meta property=\"og:image\" content=\"https:\/\/banebranchen.dk\/wp-content\/uploads\/2022\/05\/Tivoli-Congress-Hall.png\" \/>\n\t<meta property=\"og:image:width\" content=\"1440\" \/>\n\t<meta property=\"og:image:height\" content=\"216\" \/>\n\t<meta property=\"og:image:type\" content=\"image\/png\" \/>\n<meta name=\"twitter:card\" content=\"summary_large_image\" \/>\n<script type=\"application\/ld+json\" class=\"yoast-schema-graph\">{\"@context\":\"https:\\\/\\\/schema.org\",\"@graph\":[{\"@type\":\"WebPage\",\"@id\":\"https:\\\/\\\/banebranchen.dk\\\/en\\\/railcph\\\/about-railcph\\\/exhibition-area\\\/\",\"url\":\"https:\\\/\\\/banebranchen.dk\\\/en\\\/railcph\\\/about-railcph\\\/exhibition-area\\\/\",\"name\":\"Venue - Banebranchen\",\"isPartOf\":{\"@id\":\"https:\\\/\\\/banebranchen.dk\\\/en\\\/#website\"},\"primaryImageOfPage\":{\"@id\":\"https:\\\/\\\/banebranchen.dk\\\/en\\\/railcph\\\/about-railcph\\\/exhibition-area\\\/#primaryimage\"},\"image\":{\"@id\":\"https:\\\/\\\/banebranchen.dk\\\/en\\\/railcph\\\/about-railcph\\\/exhibition-area\\\/#primaryimage\"},\"thumbnailUrl\":\"https:\\\/\\\/banebranchen.dk\\\/wp-content\\\/uploads\\\/2022\\\/05\\\/Tivoli-Congress-Hall.png\",\"datePublished\":\"2022-05-19T09:21:58+00:00\",\"dateModified\":\"2022-06-10T09:28:06+00:00\",\"breadcrumb\":{\"@id\":\"https:\\\/\\\/banebranchen.dk\\\/en\\\/railcph\\\/about-railcph\\\/exhibition-area\\\/#breadcrumb\"},\"inLanguage\":\"en-US\",\"potentialAction\":[{\"@type\":\"ReadAction\",\"target\":[\"https:\\\/\\\/banebranchen.dk\\\/en\\\/railcph\\\/about-railcph\\\/exhibition-area\\\/\"]}]},{\"@type\":\"ImageObject\",\"inLanguage\":\"en-US\",\"@id\":\"https:\\\/\\\/banebranchen.dk\\\/en\\\/railcph\\\/about-railcph\\\/exhibition-area\\\/#primaryimage\",\"url\":\"https:\\\/\\\/banebranchen.dk\\\/wp-content\\\/uploads\\\/2022\\\/05\\\/Tivoli-Congress-Hall.png\",\"contentUrl\":\"https:\\\/\\\/banebranchen.dk\\\/wp-content\\\/uploads\\\/2022\\\/05\\\/Tivoli-Congress-Hall.png\",\"width\":1440,\"height\":216},{\"@type\":\"BreadcrumbList\",\"@id\":\"https:\\\/\\\/banebranchen.dk\\\/en\\\/railcph\\\/about-railcph\\\/exhibition-area\\\/#breadcrumb\",\"itemListElement\":[{\"@type\":\"ListItem\",\"position\":1,\"name\":\"Hjem\",\"item\":\"https:\\\/\\\/banebranchen.dk\\\/en\\\/frontpage\\\/\"},{\"@type\":\"ListItem\",\"position\":2,\"name\":\"RAILcph\",\"item\":\"https:\\\/\\\/banebranchen.dk\\\/en\\\/railcph-2024\\\/\"},{\"@type\":\"ListItem\",\"position\":3,\"name\":\"About RAILcph\",\"item\":\"https:\\\/\\\/banebranchen.dk\\\/en\\\/railcph-2024\\\/about-railcph\\\/\"},{\"@type\":\"ListItem\",\"position\":4,\"name\":\"Venue\"}]},{\"@type\":\"WebSite\",\"@id\":\"https:\\\/\\\/banebranchen.dk\\\/en\\\/#website\",\"url\":\"https:\\\/\\\/banebranchen.dk\\\/en\\\/\",\"name\":\"Banebranchen\",\"description\":\"\",\"potentialAction\":[{\"@type\":\"SearchAction\",\"target\":{\"@type\":\"EntryPoint\",\"urlTemplate\":\"https:\\\/\\\/banebranchen.dk\\\/en\\\/?s={search_term_string}\"},\"query-input\":{\"@type\":\"PropertyValueSpecification\",\"valueRequired\":true,\"valueName\":\"search_term_string\"}}],\"inLanguage\":\"en-US\"}]}<\/script>\n<!-- \/ Yoast SEO plugin. -->","yoast_head_json":{"title":"Venue - Banebranchen","robots":{"index":"index","follow":"follow","max-snippet":"max-snippet:-1","max-image-preview":"max-image-preview:large","max-video-preview":"max-video-preview:-1"},"canonical":"https:\/\/banebranchen.dk\/en\/railcph\/about-railcph\/exhibition-area\/","og_locale":"en_US","og_type":"article","og_title":"Venue - Banebranchen","og_description":"Venue","og_url":"https:\/\/banebranchen.dk\/en\/railcph\/about-railcph\/exhibition-area\/","og_site_name":"Banebranchen","article_modified_time":"2022-06-10T09:28:06+00:00","og_image":[{"width":1440,"height":216,"url":"https:\/\/banebranchen.dk\/wp-content\/uploads\/2022\/05\/Tivoli-Congress-Hall.png","type":"image\/png"}],"twitter_card":"summary_large_image","schema":{"@context":"https:\/\/schema.org","@graph":[{"@type":"WebPage","@id":"https:\/\/banebranchen.dk\/en\/railcph\/about-railcph\/exhibition-area\/","url":"https:\/\/banebranchen.dk\/en\/railcph\/about-railcph\/exhibition-area\/","name":"Venue - Banebranchen","isPartOf":{"@id":"https:\/\/banebranchen.dk\/en\/#website"},"primaryImageOfPage":{"@id":"https:\/\/banebranchen.dk\/en\/railcph\/about-railcph\/exhibition-area\/#primaryimage"},"image":{"@id":"https:\/\/banebranchen.dk\/en\/railcph\/about-railcph\/exhibition-area\/#primaryimage"},"thumbnailUrl":"https:\/\/banebranchen.dk\/wp-content\/uploads\/2022\/05\/Tivoli-Congress-Hall.png","datePublished":"2022-05-19T09:21:58+00:00","dateModified":"2022-06-10T09:28:06+00:00","breadcrumb":{"@id":"https:\/\/banebranchen.dk\/en\/railcph\/about-railcph\/exhibition-area\/#breadcrumb"},"inLanguage":"en-US","potentialAction":[{"@type":"ReadAction","target":["https:\/\/banebranchen.dk\/en\/railcph\/about-railcph\/exhibition-area\/"]}]},{"@type":"ImageObject","inLanguage":"en-US","@id":"https:\/\/banebranchen.dk\/en\/railcph\/about-railcph\/exhibition-area\/#primaryimage","url":"https:\/\/banebranchen.dk\/wp-content\/uploads\/2022\/05\/Tivoli-Congress-Hall.png","contentUrl":"https:\/\/banebranchen.dk\/wp-content\/uploads\/2022\/05\/Tivoli-Congress-Hall.png","width":1440,"height":216},{"@type":"BreadcrumbList","@id":"https:\/\/banebranchen.dk\/en\/railcph\/about-railcph\/exhibition-area\/#breadcrumb","itemListElement":[{"@type":"ListItem","position":1,"name":"Hjem","item":"https:\/\/banebranchen.dk\/en\/frontpage\/"},{"@type":"ListItem","position":2,"name":"RAILcph","item":"https:\/\/banebranchen.dk\/en\/railcph-2024\/"},{"@type":"ListItem","position":3,"name":"About RAILcph","item":"https:\/\/banebranchen.dk\/en\/railcph-2024\/about-railcph\/"},{"@type":"ListItem","position":4,"name":"Venue"}]},{"@type":"WebSite","@id":"https:\/\/banebranchen.dk\/en\/#website","url":"https:\/\/banebranchen.dk\/en\/","name":"Banebranchen","description":"","potentialAction":[{"@type":"SearchAction","target":{"@type":"EntryPoint","urlTemplate":"https:\/\/banebranchen.dk\/en\/?s={search_term_string}"},"query-input":{"@type":"PropertyValueSpecification","valueRequired":true,"valueName":"search_term_string"}}],"inLanguage":"en-US"}]}},"_links":{"self":[{"href":"https:\/\/banebranchen.dk\/en\/wp-json\/wp\/v2\/pages\/1486","targetHints":{"allow":["GET"]}}],"collection":[{"href":"https:\/\/banebranchen.dk\/en\/wp-json\/wp\/v2\/pages"}],"about":[{"href":"https:\/\/banebranchen.dk\/en\/wp-json\/wp\/v2\/types\/page"}],"author":[{"embeddable":true,"href":"https:\/\/banebranchen.dk\/en\/wp-json\/wp\/v2\/users\/1"}],"replies":[{"embeddable":true,"href":"https:\/\/banebranchen.dk\/en\/wp-json\/wp\/v2\/comments?post=1486"}],"version-history":[{"count":3,"href":"https:\/\/banebranchen.dk\/en\/wp-json\/wp\/v2\/pages\/1486\/revisions"}],"predecessor-version":[{"id":1570,"href":"https:\/\/banebranchen.dk\/en\/wp-json\/wp\/v2\/pages\/1486\/revisions\/1570"}],"up":[{"embeddable":true,"href":"https:\/\/banebranchen.dk\/en\/wp-json\/wp\/v2\/pages\/1566"}],"wp:featuredmedia":[{"embeddable":true,"href":"https:\/\/banebranchen.dk\/en\/wp-json\/wp\/v2\/media\/1397"}],"wp:attachment":[{"href":"https:\/\/banebranchen.dk\/en\/wp-json\/wp\/v2\/media?parent=1486"}],"curies":[{"name":"wp","href":"https:\/\/api.w.org\/{rel}","templated":true}]}}